{"id":262,"date":"2024-10-19T20:02:23","date_gmt":"2024-10-19T20:02:23","guid":{"rendered":"https:\/\/eurobras.ramarodesign.com.br\/?page_id=262"},"modified":"2025-04-05T19:12:10","modified_gmt":"2025-04-05T19:12:10","slug":"sobre-a-rodrimar","status":"publish","type":"page","link":"https:\/\/eurobras.ramarodesign.com.br\/en\/sobre-a-rodrimar\/","title":{"rendered":"About rodrimar group"},"content":{"rendered":"<div data-elementor-type=\"wp-page\" data-elementor-id=\"262\" class=\"elementor elementor-262\" data-elementor-settings=\"{&quot;ha_cmc_init_switcher&quot;:&quot;no&quot;}\" data-elementor-post-type=\"page\">\n\t\t\t\t<div class=\"elementor-element elementor-element-8b981e9 e-flex e-con-boxed e-con e-parent\" data-id=\"8b981e9\" data-element_type=\"container\" data-settings=\"{&quot;background_background&quot;:&quot;classic&quot;,&quot;_ha_eqh_enable&quot;:false}\">\n\t\t\t\t\t<div class=\"e-con-inner\">\n\t\t<div class=\"elementor-element elementor-element-10cce08 e-con-full e-flex e-con e-child\" data-id=\"10cce08\" data-element_type=\"container\" data-settings=\"{&quot;_ha_eqh_enable&quot;:false}\">\n\t\t\t\t<div class=\"elementor-element elementor-element-038d68e elementor-widget elementor-widget-heading\" data-id=\"038d68e\" data-element_type=\"widget\" data-widget_type=\"heading.default\">\n\t\t\t\t<div class=\"elementor-widget-container\">\n\t\t\t\t\t<h2 class=\"elementor-heading-title elementor-size-default\">About Rodrimar<\/h2>\t\t\t\t<\/div>\n\t\t\t\t<\/div>\n\t\t\t\t<div class=\"elementor-element elementor-element-5ea6221 elementor-widget elementor-widget-heading\" data-id=\"5ea6221\" data-element_type=\"widget\" data-widget_type=\"heading.default\">\n\t\t\t\t<div class=\"elementor-widget-container\">\n\t\t\t\t\t<h2 class=\"elementor-heading-title elementor-size-default\">about us<\/h2>\t\t\t\t<\/div>\n\t\t\t\t<\/div>\n\t\t\t\t<\/div>\n\t\t<div class=\"elementor-element elementor-element-a8516e6 e-con-full e-flex e-con e-child\" data-id=\"a8516e6\" data-element_type=\"container\" data-settings=\"{&quot;_ha_eqh_enable&quot;:false}\">\n\t\t\t\t<\/div>\n\t\t\t\t\t<\/div>\n\t\t\t\t<\/div>\n\t\t<div class=\"elementor-element elementor-element-4334a0c e-flex e-con-boxed e-con e-parent\" data-id=\"4334a0c\" data-element_type=\"container\" data-settings=\"{&quot;background_background&quot;:&quot;classic&quot;,&quot;_ha_eqh_enable&quot;:false}\">\n\t\t\t\t\t<div class=\"e-con-inner\">\n\t\t\t\t<div class=\"elementor-element elementor-element-c7027e7 elementor-widget elementor-widget-heading\" data-id=\"c7027e7\" data-element_type=\"widget\" data-widget_type=\"heading.default\">\n\t\t\t\t<div class=\"elementor-widget-container\">\n\t\t\t\t\t<h2 class=\"elementor-heading-title elementor-size-default\">Our History<\/h2>\t\t\t\t<\/div>\n\t\t\t\t<\/div>\n\t\t\t\t\t<\/div>\n\t\t\t\t<\/div>\n\t\t<div class=\"elementor-element elementor-element-f8a0332 e-flex e-con-boxed e-con e-parent\" data-id=\"f8a0332\" data-element_type=\"container\" data-settings=\"{&quot;background_background&quot;:&quot;classic&quot;,&quot;_ha_eqh_enable&quot;:false}\">\n\t\t\t\t\t<div class=\"e-con-inner\">\n\t\t<div class=\"elementor-element elementor-element-3a027b1 e-con-full e-flex e-con e-child\" data-id=\"3a027b1\" data-element_type=\"container\" data-settings=\"{&quot;_ha_eqh_enable&quot;:false}\">\n\t\t\t\t<div class=\"elementor-element elementor-element-42f52c2 elementor-widget elementor-widget-text-editor\" data-id=\"42f52c2\" data-element_type=\"widget\" data-widget_type=\"text-editor.default\">\n\t\t\t\t<div class=\"elementor-widget-container\">\n\t\t\t\t\t\t\t\t\t<p class=\"translation-block\">Jos\u00e9 Francisco de Paulo &amp; Cia. Ltda was the first company in the Rodrimar Group, founded in 1944 by brothers Manoel and Nilo Rodrigues, together with co-founders Lauro, Avelino Rodrigues Filho and N\u00edvio Rodrigues. Since then, Rodrimar has specialized in foreign trade services, growing hand in hand with the development of the Port of Santos, the largest in Latin America.<\/p><p class=\"translation-block\">With a history marked by dedication and hard work, the Rodrimar Group has earned credibility and trust from customers and partners by offering efficient and safe services. Today, the group is made up of five companies that form an integrated logistics chain, fully serving each stage of import and export operations, and offering the door-to-door system, a market differential.<\/p><p class=\"translation-block\">The current management honors the legacy of tenacity and seriousness left by the founders, expanding the group into new markets and areas of operation, with the commitment to continue innovating and growing.<\/p>\t\t\t\t\t\t\t\t<\/div>\n\t\t\t\t<\/div>\n\t\t\t\t<\/div>\n\t\t<div class=\"elementor-element elementor-element-4a5ac2b e-con-full e-flex e-con e-child\" data-id=\"4a5ac2b\" data-element_type=\"container\" data-settings=\"{&quot;_ha_eqh_enable&quot;:false}\">\n\t\t\t\t<div class=\"elementor-element elementor-element-0ed02cc elementor-widget elementor-widget-image\" data-id=\"0ed02cc\" data-element_type=\"widget\" data-widget_type=\"image.default\">\n\t\t\t\t<div class=\"elementor-widget-container\">\n\t\t\t\t\t\t\t\t\t\t\t\t\t\t\t<img fetchpriority=\"high\" decoding=\"async\" width=\"313\" height=\"250\" src=\"https:\/\/eurobras.ramarodesign.com.br\/wp-content\/uploads\/2024\/08\/historia01.jpg\" class=\"attachment-large size-large wp-image-124\" alt=\"\" srcset=\"https:\/\/eurobras.ramarodesign.com.br\/wp-content\/uploads\/2024\/08\/historia01.jpg 313w, https:\/\/eurobras.ramarodesign.com.br\/wp-content\/uploads\/2024\/08\/historia01-300x240.jpg 300w, https:\/\/eurobras.ramarodesign.com.br\/wp-content\/uploads\/2024\/08\/historia01-15x12.jpg 15w\" sizes=\"(max-width: 313px) 100vw, 313px\" \/>\t\t\t\t\t\t\t\t\t\t\t\t\t\t\t<\/div>\n\t\t\t\t<\/div>\n\t\t\t\t<\/div>\n\t\t\t\t\t<\/div>\n\t\t\t\t<\/div>\n\t\t<div class=\"elementor-element elementor-element-dc6860c e-flex e-con-boxed e-con e-parent\" data-id=\"dc6860c\" data-element_type=\"container\" data-settings=\"{&quot;background_background&quot;:&quot;classic&quot;,&quot;_ha_eqh_enable&quot;:false}\">\n\t\t\t\t\t<div class=\"e-con-inner\">\n\t\t<div class=\"elementor-element elementor-element-931bc6a e-flex e-con-boxed e-con e-child\" data-id=\"931bc6a\" data-element_type=\"container\" data-settings=\"{&quot;background_background&quot;:&quot;classic&quot;,&quot;_ha_eqh_enable&quot;:false}\">\n\t\t\t\t\t<div class=\"e-con-inner\">\n\t\t\t\t<div class=\"elementor-element elementor-element-4c3c870 ekit-equal-height-enable elementor-widget elementor-widget-elementskit-icon-box\" data-id=\"4c3c870\" data-element_type=\"widget\" data-widget_type=\"elementskit-icon-box.default\">\n\t\t\t\t<div class=\"elementor-widget-container\">\n\t\t\t\t\t<div class=\"ekit-wid-con\" >        <!-- link opening -->\n                <!-- end link opening -->\n\n        <div class=\"elementskit-infobox text-center text- icon-top-align elementor-animation-\">\n                            <div class=\"elementskit-box-header\">\n                <div class=\"elementskit-info-box-icon\">\n                    <img decoding=\"async\" width=\"403\" height=\"278\" src=\"https:\/\/eurobras.ramarodesign.com.br\/wp-content\/uploads\/2024\/10\/linhasimbolo.png\" class=\"attachment- size-\" alt=\"\" srcset=\"https:\/\/eurobras.ramarodesign.com.br\/wp-content\/uploads\/2024\/10\/linhasimbolo.png 403w, https:\/\/eurobras.ramarodesign.com.br\/wp-content\/uploads\/2024\/10\/linhasimbolo-300x207.png 300w, https:\/\/eurobras.ramarodesign.com.br\/wp-content\/uploads\/2024\/10\/linhasimbolo-18x12.png 18w\" sizes=\"(max-width: 403px) 100vw, 403px\" \/>                <\/div>\n          <\/div>\n                <div class=\"box-body\">\n                            <h3 class=\"elementskit-info-box-title\">\n                    Our mission                <\/h3>\n                        \t\t  \t<p>Offer efficient and sustainable solutions at all stages of the logistics chain, ensuring concrete results and driving sustainable development for our customers and partners.<\/p>\n                                <\/div>\n        \n        \n                <\/div>\n        <\/div>\t\t\t\t<\/div>\n\t\t\t\t<\/div>\n\t\t\t\t\t<\/div>\n\t\t\t\t<\/div>\n\t\t<div class=\"elementor-element elementor-element-1fb970a e-flex e-con-boxed e-con e-child\" data-id=\"1fb970a\" data-element_type=\"container\" data-settings=\"{&quot;background_background&quot;:&quot;classic&quot;,&quot;_ha_eqh_enable&quot;:false}\">\n\t\t\t\t\t<div class=\"e-con-inner\">\n\t\t\t\t<div class=\"elementor-element elementor-element-98e78b3 ekit-equal-height-enable elementor-widget elementor-widget-elementskit-icon-box\" data-id=\"98e78b3\" data-element_type=\"widget\" data-widget_type=\"elementskit-icon-box.default\">\n\t\t\t\t<div class=\"elementor-widget-container\">\n\t\t\t\t\t<div class=\"ekit-wid-con\" >        <!-- link opening -->\n                <!-- end link opening -->\n\n        <div class=\"elementskit-infobox text-center text- icon-top-align elementor-animation-\">\n                            <div class=\"elementskit-box-header\">\n                <div class=\"elementskit-info-box-icon\">\n                    <img decoding=\"async\" width=\"403\" height=\"278\" src=\"https:\/\/eurobras.ramarodesign.com.br\/wp-content\/uploads\/2024\/10\/linhasimbolo.png\" class=\"attachment- size-\" alt=\"\" srcset=\"https:\/\/eurobras.ramarodesign.com.br\/wp-content\/uploads\/2024\/10\/linhasimbolo.png 403w, https:\/\/eurobras.ramarodesign.com.br\/wp-content\/uploads\/2024\/10\/linhasimbolo-300x207.png 300w, https:\/\/eurobras.ramarodesign.com.br\/wp-content\/uploads\/2024\/10\/linhasimbolo-18x12.png 18w\" sizes=\"(max-width: 403px) 100vw, 403px\" \/>                <\/div>\n          <\/div>\n                <div class=\"box-body\">\n                            <h3 class=\"elementskit-info-box-title\">\n                    Our Values                <\/h3>\n                        \t\t  \t<p>To consolidate ourselves as a solid company and a reference in the national market, with a global presence and recognition for excellence in sustainable logistics.<\/p>\n                                <\/div>\n        \n        \n                <\/div>\n        <\/div>\t\t\t\t<\/div>\n\t\t\t\t<\/div>\n\t\t\t\t\t<\/div>\n\t\t\t\t<\/div>\n\t\t<div class=\"elementor-element elementor-element-b51e547 e-flex e-con-boxed e-con e-child\" data-id=\"b51e547\" data-element_type=\"container\" data-settings=\"{&quot;background_background&quot;:&quot;classic&quot;,&quot;_ha_eqh_enable&quot;:false}\">\n\t\t\t\t\t<div class=\"e-con-inner\">\n\t\t\t\t<div class=\"elementor-element elementor-element-fde4451 ekit-equal-height-enable elementor-widget elementor-widget-elementskit-icon-box\" data-id=\"fde4451\" data-element_type=\"widget\" data-widget_type=\"elementskit-icon-box.default\">\n\t\t\t\t<div class=\"elementor-widget-container\">\n\t\t\t\t\t<div class=\"ekit-wid-con\" >        <!-- link opening -->\n                <!-- end link opening -->\n\n        <div class=\"elementskit-infobox text-center text- icon-top-align elementor-animation-\">\n                            <div class=\"elementskit-box-header\">\n                <div class=\"elementskit-info-box-icon\">\n                    <img decoding=\"async\" width=\"403\" height=\"278\" src=\"https:\/\/eurobras.ramarodesign.com.br\/wp-content\/uploads\/2024\/10\/linhasimbolo.png\" class=\"attachment- size-\" alt=\"\" srcset=\"https:\/\/eurobras.ramarodesign.com.br\/wp-content\/uploads\/2024\/10\/linhasimbolo.png 403w, https:\/\/eurobras.ramarodesign.com.br\/wp-content\/uploads\/2024\/10\/linhasimbolo-300x207.png 300w, https:\/\/eurobras.ramarodesign.com.br\/wp-content\/uploads\/2024\/10\/linhasimbolo-18x12.png 18w\" sizes=\"(max-width: 403px) 100vw, 403px\" \/>                <\/div>\n          <\/div>\n                <div class=\"box-body\">\n                            <h3 class=\"elementskit-info-box-title\">\n                    valores                <\/h3>\n                        \t\t  \t<p>Ethics are the basis of our relationships, guiding us with respect and trust in each partnership. We are committed to excellence, ensuring that each stage of the logistics process is carried out with dedication and responsibility, always in line with the best practices in the sector.<\/p>\n                                <\/div>\n        \n        \n                <\/div>\n        <\/div>\t\t\t\t<\/div>\n\t\t\t\t<\/div>\n\t\t\t\t\t<\/div>\n\t\t\t\t<\/div>\n\t\t\t\t\t<\/div>\n\t\t\t\t<\/div>\n\t\t<div class=\"elementor-element elementor-element-0fe9c5b elementor-hidden-desktop elementor-hidden-tablet elementor-hidden-mobile e-flex e-con-boxed e-con e-parent\" data-id=\"0fe9c5b\" data-element_type=\"container\" data-settings=\"{&quot;background_background&quot;:&quot;classic&quot;,&quot;_ha_eqh_enable&quot;:false}\">\n\t\t\t\t\t<div class=\"e-con-inner\">\n\t\t<div class=\"elementor-element elementor-element-3183335 e-con-full e-flex e-con e-child\" data-id=\"3183335\" data-element_type=\"container\" data-settings=\"{&quot;_ha_eqh_enable&quot;:false}\">\n\t\t\t\t<div class=\"elementor-element elementor-element-dfcbf2f elementor-widget elementor-widget-heading\" data-id=\"dfcbf2f\" data-element_type=\"widget\" data-widget_type=\"heading.default\">\n\t\t\t\t<div class=\"elementor-widget-container\">\n\t\t\t\t\t<h2 class=\"elementor-heading-title elementor-size-default\">certifica\u00e7\u00f5es<\/h2>\t\t\t\t<\/div>\n\t\t\t\t<\/div>\n\t\t\t\t<div class=\"elementor-element elementor-element-94c6467 elementor-widget elementor-widget-text-editor\" data-id=\"94c6467\" data-element_type=\"widget\" data-widget_type=\"text-editor.default\">\n\t\t\t\t<div class=\"elementor-widget-container\">\n\t\t\t\t\t\t\t\t\t<p>Lorem ipsum dolor sit amet, consectetur adipiscing elit. Ut elit tellus, luctus nec ullamcorper mattis, pulvinar dapibus leo.<\/p>\t\t\t\t\t\t\t\t<\/div>\n\t\t\t\t<\/div>\n\t\t\t\t<\/div>\n\t\t<div class=\"elementor-element elementor-element-2b089a2 e-con-full e-flex e-con e-child\" data-id=\"2b089a2\" data-element_type=\"container\" data-settings=\"{&quot;_ha_eqh_enable&quot;:false}\">\n\t\t\t\t<div class=\"elementor-element elementor-element-d9423ff elementor-widget elementor-widget-ha-slider happy-addon ha-slider\" data-id=\"d9423ff\" data-element_type=\"widget\" data-settings=\"{&quot;animation_speed&quot;:300,&quot;autoplay&quot;:&quot;yes&quot;,&quot;autoplay_speed&quot;:3000,&quot;loop&quot;:&quot;yes&quot;,&quot;slides_transition&quot;:&quot;slide&quot;,&quot;navigation&quot;:&quot;arrow&quot;}\" data-widget_type=\"ha-slider.default\">\n\t\t\t\t<div class=\"elementor-widget-container\">\n\t\t\t\t\t\n\t\t<div class=\"hajs-slick ha-slick ha-slick--slider\">\n\n\t\t\t\n\t\t\t\t<div class=\"ha-slick-slide slick-slide\">\n\t\t\t\t\t<div class=\"ha-slick-item\">\n\t\t\t\t\t\t\t\t\t\t\t\t\t<img decoding=\"async\" class=\"ha-slick-img\" src=\"https:\/\/eurobras.ramarodesign.com.br\/wp-content\/plugins\/elementor\/assets\/images\/placeholder.png\" alt=\"\">\n\t\t\t\t\t\t\n\t\t\t\t\t\t\t\t\t\t\t<\/div>\n\t\t\t\t<\/div>\n\n\t\t\t\n\t\t\t\t<div class=\"ha-slick-slide slick-slide\">\n\t\t\t\t\t<div class=\"ha-slick-item\">\n\t\t\t\t\t\t\t\t\t\t\t\t\t<img decoding=\"async\" class=\"ha-slick-img\" src=\"https:\/\/eurobras.ramarodesign.com.br\/wp-content\/plugins\/elementor\/assets\/images\/placeholder.png\" alt=\"\">\n\t\t\t\t\t\t\n\t\t\t\t\t\t\t\t\t\t\t<\/div>\n\t\t\t\t<\/div>\n\n\t\t\t\n\t\t\t\t<div class=\"ha-slick-slide slick-slide\">\n\t\t\t\t\t<div class=\"ha-slick-item\">\n\t\t\t\t\t\t\t\t\t\t\t\t\t<img decoding=\"async\" class=\"ha-slick-img\" src=\"https:\/\/eurobras.ramarodesign.com.br\/wp-content\/plugins\/elementor\/assets\/images\/placeholder.png\" alt=\"\">\n\t\t\t\t\t\t\n\t\t\t\t\t\t\t\t\t\t\t<\/div>\n\t\t\t\t<\/div>\n\n\t\t\t\n\t\t\t\t<div class=\"ha-slick-slide slick-slide\">\n\t\t\t\t\t<div class=\"ha-slick-item\">\n\t\t\t\t\t\t\t\t\t\t\t\t\t<img decoding=\"async\" class=\"ha-slick-img\" src=\"https:\/\/eurobras.ramarodesign.com.br\/wp-content\/plugins\/elementor\/assets\/images\/placeholder.png\" alt=\"\">\n\t\t\t\t\t\t\n\t\t\t\t\t\t\t\t\t\t\t<\/div>\n\t\t\t\t<\/div>\n\n\t\t\t\n\t\t\t\t<div class=\"ha-slick-slide slick-slide\">\n\t\t\t\t\t<div class=\"ha-slick-item\">\n\t\t\t\t\t\t\t\t\t\t\t\t\t<img decoding=\"async\" class=\"ha-slick-img\" src=\"https:\/\/eurobras.ramarodesign.com.br\/wp-content\/plugins\/elementor\/assets\/images\/placeholder.png\" alt=\"\">\n\t\t\t\t\t\t\n\t\t\t\t\t\t\t\t\t\t\t<\/div>\n\t\t\t\t<\/div>\n\n\t\t\t\n\t\t<\/div>\n\n\t\t\t\t\t<button type=\"button\" class=\"slick-prev\"><svg aria-hidden=\"true\" class=\"e-font-icon-svg e-fas-chevron-left\" viewbox=\"0 0 320 512\" xmlns=\"http:\/\/www.w3.org\/2000\/svg\"><path d=\"M34.52 239.03L228.87 44.69c9.37-9.37 24.57-9.37 33.94 0l22.67 22.67c9.36 9.36 9.37 24.52.04 33.9L131.49 256l154.02 154.75c9.34 9.38 9.32 24.54-.04 33.9l-22.67 22.67c-9.37 9.37-24.57 9.37-33.94 0L34.52 272.97c-9.37-9.37-9.37-24.57 0-33.94z\"><\/path><\/svg><\/button>\n\t\t\n\t\t\t\t\t<button type=\"button\" class=\"slick-next\"><svg aria-hidden=\"true\" class=\"e-font-icon-svg e-fas-chevron-right\" viewbox=\"0 0 320 512\" xmlns=\"http:\/\/www.w3.org\/2000\/svg\"><path d=\"M285.476 272.971L91.132 467.314c-9.373 9.373-24.569 9.373-33.941 0l-22.667-22.667c-9.357-9.357-9.375-24.522-.04-33.901L188.505 256 34.484 101.255c-9.335-9.379-9.317-24.544.04-33.901l22.667-22.667c9.373-9.373 24.569-9.373 33.941 0L285.475 239.03c9.373 9.372 9.373 24.568.001 33.941z\"><\/path><\/svg><\/button>\n\t\t\n\t\t\t\t\t\t<\/div>\n\t\t\t\t<\/div>\n\t\t\t\t<\/div>\n\t\t\t\t\t<\/div>\n\t\t\t\t<\/div>\n\t\t\t\t<\/div>","protected":false},"excerpt":{"rendered":"<p>Sobre a rodrimar quem somos Nossa Hist\u00f3ria A Jos\u00e9 Francisco de Paulo &amp; Cia. Ltda foi a primeira empresa do Grupo Rodrimar, fundada em 1944 pelos irm\u00e3os Manoel e Nilo Rodrigues, junto com os co-fundadores Lauro, Avelino Rodrigues Filho e N\u00edvio Rodrigues. Desde ent\u00e3o, a Rodrimar se especializou em servi\u00e7os de com\u00e9rcio exterior, crescendo lado [&hellip;]<\/p>","protected":false},"author":1,"featured_media":0,"parent":0,"menu_order":0,"comment_status":"closed","ping_status":"closed","template":"elementor_header_footer","meta":{"footnotes":""},"class_list":["post-262","page","type-page","status-publish","hentry","entry"],"yoast_head":"<!-- This site is optimized with the Yoast SEO plugin v24.8.1 - https:\/\/yoast.com\/wordpress\/plugins\/seo\/ -->\n<title>Sobre a Rodrimar - Grupo Rodrimar<\/title>\n<meta name=\"robots\" content=\"index, follow, max-snippet:-1, max-image-preview:large, max-video-preview:-1\" \/>\n<link rel=\"canonical\" href=\"https:\/\/eurobras.ramarodesign.com.br\/en\/sobre-a-rodrimar\/\" \/>\n<meta property=\"og:locale\" content=\"en_US\" \/>\n<meta property=\"og:type\" content=\"article\" \/>\n<meta property=\"og:title\" content=\"Sobre a Rodrimar - Grupo Rodrimar\" \/>\n<meta property=\"og:description\" content=\"Sobre a rodrimar quem somos Nossa Hist\u00f3ria A Jos\u00e9 Francisco de Paulo &amp; Cia. Ltda foi a primeira empresa do Grupo Rodrimar, fundada em 1944 pelos irm\u00e3os Manoel e Nilo Rodrigues, junto com os co-fundadores Lauro, Avelino Rodrigues Filho e N\u00edvio Rodrigues. Desde ent\u00e3o, a Rodrimar se especializou em servi\u00e7os de com\u00e9rcio exterior, crescendo lado [&hellip;]\" \/>\n<meta property=\"og:url\" content=\"https:\/\/eurobras.ramarodesign.com.br\/en\/sobre-a-rodrimar\/\" \/>\n<meta property=\"og:site_name\" content=\"Grupo Rodrimar\" \/>\n<meta property=\"article:modified_time\" content=\"2025-04-05T19:12:10+00:00\" \/>\n<meta property=\"og:image\" content=\"https:\/\/eurobras.ramarodesign.com.br\/wp-content\/uploads\/2024\/08\/historia01.jpg\" \/>\n\t<meta property=\"og:image:width\" content=\"313\" \/>\n\t<meta property=\"og:image:height\" content=\"250\" \/>\n\t<meta property=\"og:image:type\" content=\"image\/jpeg\" \/>\n<meta name=\"twitter:card\" content=\"summary_large_image\" \/>\n<meta name=\"twitter:label1\" content=\"Est. reading time\" \/>\n\t<meta name=\"twitter:data1\" content=\"5 minutes\" \/>\n<script type=\"application\/ld+json\" class=\"yoast-schema-graph\">{\"@context\":\"https:\/\/schema.org\",\"@graph\":[{\"@type\":\"WebPage\",\"@id\":\"https:\/\/eurobras.ramarodesign.com.br\/sobre-a-rodrimar\/\",\"url\":\"https:\/\/eurobras.ramarodesign.com.br\/sobre-a-rodrimar\/\",\"name\":\"Sobre a Rodrimar - Grupo Rodrimar\",\"isPartOf\":{\"@id\":\"https:\/\/eurobras.ramarodesign.com.br\/#website\"},\"primaryImageOfPage\":{\"@id\":\"https:\/\/eurobras.ramarodesign.com.br\/sobre-a-rodrimar\/#primaryimage\"},\"image\":{\"@id\":\"https:\/\/eurobras.ramarodesign.com.br\/sobre-a-rodrimar\/#primaryimage\"},\"thumbnailUrl\":\"https:\/\/eurobras.ramarodesign.com.br\/wp-content\/uploads\/2024\/08\/historia01.jpg\",\"datePublished\":\"2024-10-19T20:02:23+00:00\",\"dateModified\":\"2025-04-05T19:12:10+00:00\",\"breadcrumb\":{\"@id\":\"https:\/\/eurobras.ramarodesign.com.br\/sobre-a-rodrimar\/#breadcrumb\"},\"inLanguage\":\"en-US\",\"potentialAction\":[{\"@type\":\"ReadAction\",\"target\":[\"https:\/\/eurobras.ramarodesign.com.br\/sobre-a-rodrimar\/\"]}]},{\"@type\":\"ImageObject\",\"inLanguage\":\"en-US\",\"@id\":\"https:\/\/eurobras.ramarodesign.com.br\/sobre-a-rodrimar\/#primaryimage\",\"url\":\"https:\/\/eurobras.ramarodesign.com.br\/wp-content\/uploads\/2024\/08\/historia01.jpg\",\"contentUrl\":\"https:\/\/eurobras.ramarodesign.com.br\/wp-content\/uploads\/2024\/08\/historia01.jpg\"},{\"@type\":\"BreadcrumbList\",\"@id\":\"https:\/\/eurobras.ramarodesign.com.br\/sobre-a-rodrimar\/#breadcrumb\",\"itemListElement\":[{\"@type\":\"ListItem\",\"position\":1,\"name\":\"In\u00edcio\",\"item\":\"https:\/\/eurobras.ramarodesign.com.br\/\"},{\"@type\":\"ListItem\",\"position\":2,\"name\":\"Sobre a Rodrimar\"}]},{\"@type\":\"WebSite\",\"@id\":\"https:\/\/eurobras.ramarodesign.com.br\/#website\",\"url\":\"https:\/\/eurobras.ramarodesign.com.br\/\",\"name\":\"Grupo Rodrimar\",\"description\":\"Comiss\u00e1ria de Despachos\",\"potentialAction\":[{\"@type\":\"SearchAction\",\"target\":{\"@type\":\"EntryPoint\",\"urlTemplate\":\"https:\/\/eurobras.ramarodesign.com.br\/?s={search_term_string}\"},\"query-input\":{\"@type\":\"PropertyValueSpecification\",\"valueRequired\":true,\"valueName\":\"search_term_string\"}}],\"inLanguage\":\"en-US\"}]}<\/script>\n<!-- \/ Yoast SEO plugin. -->","yoast_head_json":{"title":"Sobre a Rodrimar - Grupo Rodrimar","robots":{"index":"index","follow":"follow","max-snippet":"max-snippet:-1","max-image-preview":"max-image-preview:large","max-video-preview":"max-video-preview:-1"},"canonical":"https:\/\/eurobras.ramarodesign.com.br\/en\/sobre-a-rodrimar\/","og_locale":"en_US","og_type":"article","og_title":"Sobre a Rodrimar - Grupo Rodrimar","og_description":"Sobre a rodrimar quem somos Nossa Hist\u00f3ria A Jos\u00e9 Francisco de Paulo &amp; Cia. Ltda foi a primeira empresa do Grupo Rodrimar, fundada em 1944 pelos irm\u00e3os Manoel e Nilo Rodrigues, junto com os co-fundadores Lauro, Avelino Rodrigues Filho e N\u00edvio Rodrigues. Desde ent\u00e3o, a Rodrimar se especializou em servi\u00e7os de com\u00e9rcio exterior, crescendo lado [&hellip;]","og_url":"https:\/\/eurobras.ramarodesign.com.br\/en\/sobre-a-rodrimar\/","og_site_name":"Grupo Rodrimar","article_modified_time":"2025-04-05T19:12:10+00:00","og_image":[{"width":313,"height":250,"url":"https:\/\/eurobras.ramarodesign.com.br\/wp-content\/uploads\/2024\/08\/historia01.jpg","type":"image\/jpeg"}],"twitter_card":"summary_large_image","twitter_misc":{"Est. reading time":"5 minutes"},"schema":{"@context":"https:\/\/schema.org","@graph":[{"@type":"WebPage","@id":"https:\/\/eurobras.ramarodesign.com.br\/sobre-a-rodrimar\/","url":"https:\/\/eurobras.ramarodesign.com.br\/sobre-a-rodrimar\/","name":"Sobre a Rodrimar - Grupo Rodrimar","isPartOf":{"@id":"https:\/\/eurobras.ramarodesign.com.br\/#website"},"primaryImageOfPage":{"@id":"https:\/\/eurobras.ramarodesign.com.br\/sobre-a-rodrimar\/#primaryimage"},"image":{"@id":"https:\/\/eurobras.ramarodesign.com.br\/sobre-a-rodrimar\/#primaryimage"},"thumbnailUrl":"https:\/\/eurobras.ramarodesign.com.br\/wp-content\/uploads\/2024\/08\/historia01.jpg","datePublished":"2024-10-19T20:02:23+00:00","dateModified":"2025-04-05T19:12:10+00:00","breadcrumb":{"@id":"https:\/\/eurobras.ramarodesign.com.br\/sobre-a-rodrimar\/#breadcrumb"},"inLanguage":"en-US","potentialAction":[{"@type":"ReadAction","target":["https:\/\/eurobras.ramarodesign.com.br\/sobre-a-rodrimar\/"]}]},{"@type":"ImageObject","inLanguage":"en-US","@id":"https:\/\/eurobras.ramarodesign.com.br\/sobre-a-rodrimar\/#primaryimage","url":"https:\/\/eurobras.ramarodesign.com.br\/wp-content\/uploads\/2024\/08\/historia01.jpg","contentUrl":"https:\/\/eurobras.ramarodesign.com.br\/wp-content\/uploads\/2024\/08\/historia01.jpg"},{"@type":"BreadcrumbList","@id":"https:\/\/eurobras.ramarodesign.com.br\/sobre-a-rodrimar\/#breadcrumb","itemListElement":[{"@type":"ListItem","position":1,"name":"In\u00edcio","item":"https:\/\/eurobras.ramarodesign.com.br\/"},{"@type":"ListItem","position":2,"name":"Sobre a Rodrimar"}]},{"@type":"WebSite","@id":"https:\/\/eurobras.ramarodesign.com.br\/#website","url":"https:\/\/eurobras.ramarodesign.com.br\/","name":"Grupo Rodrimar","description":"Comiss\u00e1ria de Despachos","potentialAction":[{"@type":"SearchAction","target":{"@type":"EntryPoint","urlTemplate":"https:\/\/eurobras.ramarodesign.com.br\/?s={search_term_string}"},"query-input":{"@type":"PropertyValueSpecification","valueRequired":true,"valueName":"search_term_string"}}],"inLanguage":"en-US"}]}},"_links":{"self":[{"href":"https:\/\/eurobras.ramarodesign.com.br\/en\/wp-json\/wp\/v2\/pages\/262","targetHints":{"allow":["GET"]}}],"collection":[{"href":"https:\/\/eurobras.ramarodesign.com.br\/en\/wp-json\/wp\/v2\/pages"}],"about":[{"href":"https:\/\/eurobras.ramarodesign.com.br\/en\/wp-json\/wp\/v2\/types\/page"}],"author":[{"embeddable":true,"href":"https:\/\/eurobras.ramarodesign.com.br\/en\/wp-json\/wp\/v2\/users\/1"}],"replies":[{"embeddable":true,"href":"https:\/\/eurobras.ramarodesign.com.br\/en\/wp-json\/wp\/v2\/comments?post=262"}],"version-history":[{"count":46,"href":"https:\/\/eurobras.ramarodesign.com.br\/en\/wp-json\/wp\/v2\/pages\/262\/revisions"}],"predecessor-version":[{"id":602,"href":"https:\/\/eurobras.ramarodesign.com.br\/en\/wp-json\/wp\/v2\/pages\/262\/revisions\/602"}],"wp:attachment":[{"href":"https:\/\/eurobras.ramarodesign.com.br\/en\/wp-json\/wp\/v2\/media?parent=262"}],"curies":[{"name":"wp","href":"https:\/\/api.w.org\/{rel}","templated":true}]}}