{"id":374,"date":"2024-11-20T21:59:29","date_gmt":"2024-11-20T21:59:29","guid":{"rendered":"https:\/\/eurobras.ramarodesign.com.br\/?page_id=374"},"modified":"2025-04-05T23:45:17","modified_gmt":"2025-04-05T23:45:17","slug":"responsabilidade-social","status":"publish","type":"page","link":"https:\/\/eurobras.ramarodesign.com.br\/en\/responsabilidade-social\/","title":{"rendered":"Social Responsability"},"content":{"rendered":"<div data-elementor-type=\"wp-page\" data-elementor-id=\"374\" class=\"elementor elementor-374\" data-elementor-settings=\"{&quot;ha_cmc_init_switcher&quot;:&quot;no&quot;}\" data-elementor-post-type=\"page\">\n\t\t\t\t<div class=\"elementor-element elementor-element-2144a47 e-flex e-con-boxed e-con e-parent\" data-id=\"2144a47\" data-element_type=\"container\" data-settings=\"{&quot;background_background&quot;:&quot;classic&quot;,&quot;_ha_eqh_enable&quot;:false}\">\n\t\t\t\t\t<div class=\"e-con-inner\">\n\t\t<div class=\"elementor-element elementor-element-1596e19 e-con-full e-flex e-con e-child\" data-id=\"1596e19\" data-element_type=\"container\" data-settings=\"{&quot;_ha_eqh_enable&quot;:false}\">\n\t\t\t\t<div class=\"elementor-element elementor-element-cdbbf1f elementor-widget elementor-widget-heading\" data-id=\"cdbbf1f\" data-element_type=\"widget\" data-widget_type=\"heading.default\">\n\t\t\t\t<div class=\"elementor-widget-container\">\n\t\t\t\t\t<h1 class=\"elementor-heading-title elementor-size-default\">social responsability<\/h1>\t\t\t\t<\/div>\n\t\t\t\t<\/div>\n\t\t\t\t<div class=\"elementor-element elementor-element-839c42b elementor-widget elementor-widget-heading\" data-id=\"839c42b\" data-element_type=\"widget\" data-widget_type=\"heading.default\">\n\t\t\t\t<div class=\"elementor-widget-container\">\n\t\t\t\t\t<h2 class=\"elementor-heading-title elementor-size-default\">commitment to society<\/h2>\t\t\t\t<\/div>\n\t\t\t\t<\/div>\n\t\t\t\t<div class=\"elementor-element elementor-element-c915910 elementor-widget elementor-widget-text-editor\" data-id=\"c915910\" data-element_type=\"widget\" data-widget_type=\"text-editor.default\">\n\t\t\t\t<div class=\"elementor-widget-container\">\n\t\t\t\t\t\t\t\t\t<p>Rodrimar's social responsibility towards society and a sustainable future<\/p>\t\t\t\t\t\t\t\t<\/div>\n\t\t\t\t<\/div>\n\t\t\t\t<div class=\"elementor-element elementor-element-0e22cc8 elementor-widget elementor-widget-button\" data-id=\"0e22cc8\" data-element_type=\"widget\" data-widget_type=\"button.default\">\n\t\t\t\t<div class=\"elementor-widget-container\">\n\t\t\t\t\t\t\t\t\t<div class=\"elementor-button-wrapper\">\n\t\t\t\t\t<a class=\"elementor-button elementor-button-link elementor-size-sm elementor-animation-sink\" href=\"#\">\n\t\t\t\t\t\t<span class=\"elementor-button-content-wrapper\">\n\t\t\t\t\t\t\t\t\t<span class=\"elementor-button-text\">Request a Quote<\/span>\n\t\t\t\t\t<\/span>\n\t\t\t\t\t<\/a>\n\t\t\t\t<\/div>\n\t\t\t\t\t\t\t\t<\/div>\n\t\t\t\t<\/div>\n\t\t\t\t<\/div>\n\t\t<div class=\"elementor-element elementor-element-7b83df7 e-con-full e-flex e-con e-child\" data-id=\"7b83df7\" data-element_type=\"container\" data-settings=\"{&quot;_ha_eqh_enable&quot;:false}\">\n\t\t\t\t<\/div>\n\t\t\t\t\t<\/div>\n\t\t\t\t<\/div>\n\t\t<div class=\"elementor-element elementor-element-107efc9 e-flex e-con-boxed e-con e-parent\" data-id=\"107efc9\" data-element_type=\"container\" data-settings=\"{&quot;_ha_eqh_enable&quot;:false}\">\n\t\t\t\t\t<div class=\"e-con-inner\">\n\t\t<div class=\"elementor-element elementor-element-52084e0 e-con-full e-flex e-con e-child\" data-id=\"52084e0\" data-element_type=\"container\" data-settings=\"{&quot;_ha_eqh_enable&quot;:false}\">\n\t\t\t\t<div class=\"elementor-element elementor-element-f885fc9 elementor-widget elementor-widget-image\" data-id=\"f885fc9\" data-element_type=\"widget\" data-widget_type=\"image.default\">\n\t\t\t\t<div class=\"elementor-widget-container\">\n\t\t\t\t\t\t\t\t\t\t\t\t\t\t\t<img fetchpriority=\"high\" decoding=\"async\" width=\"640\" height=\"427\" src=\"https:\/\/eurobras.ramarodesign.com.br\/wp-content\/uploads\/2024\/12\/responsabilidadesocial03.jpg\" class=\"attachment-large size-large wp-image-437\" alt=\"\" srcset=\"https:\/\/eurobras.ramarodesign.com.br\/wp-content\/uploads\/2024\/12\/responsabilidadesocial03.jpg 640w, https:\/\/eurobras.ramarodesign.com.br\/wp-content\/uploads\/2024\/12\/responsabilidadesocial03-300x200.jpg 300w, https:\/\/eurobras.ramarodesign.com.br\/wp-content\/uploads\/2024\/12\/responsabilidadesocial03-18x12.jpg 18w\" sizes=\"(max-width: 640px) 100vw, 640px\" \/>\t\t\t\t\t\t\t\t\t\t\t\t\t\t\t<\/div>\n\t\t\t\t<\/div>\n\t\t\t\t<\/div>\n\t\t<div class=\"elementor-element elementor-element-69c3665 e-con-full e-flex e-con e-child\" data-id=\"69c3665\" data-element_type=\"container\" data-settings=\"{&quot;_ha_eqh_enable&quot;:false}\">\n\t\t\t\t<div class=\"elementor-element elementor-element-ae66af1 elementor-widget elementor-widget-heading\" data-id=\"ae66af1\" data-element_type=\"widget\" data-widget_type=\"heading.default\">\n\t\t\t\t<div class=\"elementor-widget-container\">\n\t\t\t\t\t<h2 class=\"elementor-heading-title elementor-size-default\">social responsability<\/h2>\t\t\t\t<\/div>\n\t\t\t\t<\/div>\n\t\t\t\t<div class=\"elementor-element elementor-element-d777c8f elementor-widget elementor-widget-heading\" data-id=\"d777c8f\" data-element_type=\"widget\" data-widget_type=\"heading.default\">\n\t\t\t\t<div class=\"elementor-widget-container\">\n\t\t\t\t\t<h2 class=\"elementor-heading-title elementor-size-default\">for a better world<\/h2>\t\t\t\t<\/div>\n\t\t\t\t<\/div>\n\t\t\t\t<div class=\"elementor-element elementor-element-0d4de6f elementor-widget elementor-widget-text-editor\" data-id=\"0d4de6f\" data-element_type=\"widget\" data-widget_type=\"text-editor.default\">\n\t\t\t\t<div class=\"elementor-widget-container\">\n\t\t\t\t\t\t\t\t\t<p>Rodrimar reaffirms its commitment to society through initiatives that encompass the social, educational, environmental, sports and cultural spheres. These sponsorships not only reflect our corporate responsibility, but also contribute to a positive and lasting impact on the community.<\/p><p>We believe that concrete actions can promote behavioral change and raise awareness among people, which are fundamental to sustainable development and collective well-being. Furthermore, these initiatives reinforce our role as agents of change, connecting corporate values \u200b\u200bto causes that truly make a difference.<\/p><p>Focused on a better future, Rodrimar works to integrate sustainability and responsibility into all its operations, always seeking to collaborate towards a fairer and more balanced world.<\/p>\t\t\t\t\t\t\t\t<\/div>\n\t\t\t\t<\/div>\n\t\t\t\t<\/div>\n\t\t\t\t\t<\/div>\n\t\t\t\t<\/div>\n\t\t<div class=\"elementor-element elementor-element-f0fec2a e-flex e-con-boxed e-con e-parent\" data-id=\"f0fec2a\" data-element_type=\"container\" data-settings=\"{&quot;_ha_eqh_enable&quot;:false}\">\n\t\t\t\t\t<div class=\"e-con-inner\">\n\t\t<div class=\"elementor-element elementor-element-01aaa0f e-con-full e-flex e-con e-child\" data-id=\"01aaa0f\" data-element_type=\"container\" data-settings=\"{&quot;_ha_eqh_enable&quot;:false}\">\n\t\t\t\t<div class=\"elementor-element elementor-element-addbde8 elementor-widget elementor-widget-heading\" data-id=\"addbde8\" data-element_type=\"widget\" data-widget_type=\"heading.default\">\n\t\t\t\t<div class=\"elementor-widget-container\">\n\t\t\t\t\t<h2 class=\"elementor-heading-title elementor-size-default\">Social Responsability<\/h2>\t\t\t\t<\/div>\n\t\t\t\t<\/div>\n\t\t\t\t<div class=\"elementor-element elementor-element-edfdaa6 elementor-widget elementor-widget-heading\" data-id=\"edfdaa6\" data-element_type=\"widget\" data-widget_type=\"heading.default\">\n\t\t\t\t<div class=\"elementor-widget-container\">\n\t\t\t\t\t<h2 class=\"elementor-heading-title elementor-size-default\">sustainability<\/h2>\t\t\t\t<\/div>\n\t\t\t\t<\/div>\n\t\t\t\t<div class=\"elementor-element elementor-element-2016175 elementor-widget elementor-widget-text-editor\" data-id=\"2016175\" data-element_type=\"widget\" data-widget_type=\"text-editor.default\">\n\t\t\t\t<div class=\"elementor-widget-container\">\n\t\t\t\t\t\t\t\t\t<p>In the pursuit of a more balanced future, we recognize our responsibility in all spheres of society. Aware of the potential positive and negative impacts that our activities can generate on the economy, society and the environment, we adopt a strategic approach to promote significant changes.<\/p><p>Therefore, we work continuously to amplify the positive effects of our actions. Furthermore, we are committed to promoting sustainable development, prioritizing practices that benefit both communities and the planet.<\/p><p>Therefore, every decision we make is guided by values \u200b\u200bthat reflect our commitment to sustainability and building a fairer and more responsible world.<\/p><p>.<\/p>\t\t\t\t\t\t\t\t<\/div>\n\t\t\t\t<\/div>\n\t\t\t\t<\/div>\n\t\t<div class=\"elementor-element elementor-element-f2d8d80 e-con-full e-flex e-con e-child\" data-id=\"f2d8d80\" data-element_type=\"container\" data-settings=\"{&quot;_ha_eqh_enable&quot;:false}\">\n\t\t\t\t<div class=\"elementor-element elementor-element-6312f6d elementor-widget elementor-widget-image\" data-id=\"6312f6d\" data-element_type=\"widget\" data-widget_type=\"image.default\">\n\t\t\t\t<div class=\"elementor-widget-container\">\n\t\t\t\t\t\t\t\t\t\t\t\t\t\t\t<img decoding=\"async\" width=\"640\" height=\"427\" src=\"https:\/\/eurobras.ramarodesign.com.br\/wp-content\/uploads\/2024\/12\/responsabilidadesocial04.jpg\" class=\"attachment-large size-large wp-image-449\" alt=\"\" srcset=\"https:\/\/eurobras.ramarodesign.com.br\/wp-content\/uploads\/2024\/12\/responsabilidadesocial04.jpg 640w, https:\/\/eurobras.ramarodesign.com.br\/wp-content\/uploads\/2024\/12\/responsabilidadesocial04-300x200.jpg 300w, https:\/\/eurobras.ramarodesign.com.br\/wp-content\/uploads\/2024\/12\/responsabilidadesocial04-18x12.jpg 18w\" sizes=\"(max-width: 640px) 100vw, 640px\" \/>\t\t\t\t\t\t\t\t\t\t\t\t\t\t\t<\/div>\n\t\t\t\t<\/div>\n\t\t\t\t<\/div>\n\t\t\t\t\t<\/div>\n\t\t\t\t<\/div>\n\t\t\t\t<\/div>","protected":false},"excerpt":{"rendered":"<p>responsabilidade social compromisso com a sociedade A responsabilidade social da Rodrimar com a sociedade e o futuro sustent\u00e1vel Solicite uma Cota\u00e7\u00e3o responsabilidade social por um mundo melhor A Rodrimar reafirma seu compromisso com a sociedade por meio de iniciativas que abrangem os \u00e2mbitos social, educacional, ambiental, esportivo e cultural. Esses patroc\u00ednios n\u00e3o apenas refletem nossa [&hellip;]<\/p>","protected":false},"author":1,"featured_media":0,"parent":0,"menu_order":0,"comment_status":"closed","ping_status":"closed","template":"","meta":{"footnotes":""},"class_list":["post-374","page","type-page","status-publish","hentry","entry"],"yoast_head":"<!-- This site is optimized with the Yoast SEO plugin v24.8.1 - https:\/\/yoast.com\/wordpress\/plugins\/seo\/ -->\n<title>Responsabilidade Social - Grupo Rodrimar<\/title>\n<meta name=\"robots\" content=\"index, follow, max-snippet:-1, max-image-preview:large, max-video-preview:-1\" \/>\n<link rel=\"canonical\" href=\"https:\/\/eurobras.ramarodesign.com.br\/en\/responsabilidade-social\/\" \/>\n<meta property=\"og:locale\" content=\"en_US\" \/>\n<meta property=\"og:type\" content=\"article\" \/>\n<meta property=\"og:title\" content=\"Responsabilidade Social - Grupo Rodrimar\" \/>\n<meta property=\"og:description\" content=\"responsabilidade social compromisso com a sociedade A responsabilidade social da Rodrimar com a sociedade e o futuro sustent\u00e1vel Solicite uma Cota\u00e7\u00e3o responsabilidade social por um mundo melhor A Rodrimar reafirma seu compromisso com a sociedade por meio de iniciativas que abrangem os \u00e2mbitos social, educacional, ambiental, esportivo e cultural. Esses patroc\u00ednios n\u00e3o apenas refletem nossa [&hellip;]\" \/>\n<meta property=\"og:url\" content=\"https:\/\/eurobras.ramarodesign.com.br\/en\/responsabilidade-social\/\" \/>\n<meta property=\"og:site_name\" content=\"Grupo Rodrimar\" \/>\n<meta property=\"article:modified_time\" content=\"2025-04-05T23:45:17+00:00\" \/>\n<meta property=\"og:image\" content=\"https:\/\/eurobras.ramarodesign.com.br\/wp-content\/uploads\/2024\/12\/responsabilidadesocial03.jpg\" \/>\n\t<meta property=\"og:image:width\" content=\"640\" \/>\n\t<meta property=\"og:image:height\" content=\"427\" \/>\n\t<meta property=\"og:image:type\" content=\"image\/jpeg\" \/>\n<meta name=\"twitter:card\" content=\"summary_large_image\" \/>\n<meta name=\"twitter:label1\" content=\"Est. reading time\" \/>\n\t<meta name=\"twitter:data1\" content=\"2 minutes\" \/>\n<script type=\"application\/ld+json\" class=\"yoast-schema-graph\">{\"@context\":\"https:\/\/schema.org\",\"@graph\":[{\"@type\":\"WebPage\",\"@id\":\"https:\/\/eurobras.ramarodesign.com.br\/responsabilidade-social\/\",\"url\":\"https:\/\/eurobras.ramarodesign.com.br\/responsabilidade-social\/\",\"name\":\"Responsabilidade Social - Grupo Rodrimar\",\"isPartOf\":{\"@id\":\"https:\/\/eurobras.ramarodesign.com.br\/#website\"},\"primaryImageOfPage\":{\"@id\":\"https:\/\/eurobras.ramarodesign.com.br\/responsabilidade-social\/#primaryimage\"},\"image\":{\"@id\":\"https:\/\/eurobras.ramarodesign.com.br\/responsabilidade-social\/#primaryimage\"},\"thumbnailUrl\":\"https:\/\/eurobras.ramarodesign.com.br\/wp-content\/uploads\/2024\/12\/responsabilidadesocial03.jpg\",\"datePublished\":\"2024-11-20T21:59:29+00:00\",\"dateModified\":\"2025-04-05T23:45:17+00:00\",\"breadcrumb\":{\"@id\":\"https:\/\/eurobras.ramarodesign.com.br\/responsabilidade-social\/#breadcrumb\"},\"inLanguage\":\"en-US\",\"potentialAction\":[{\"@type\":\"ReadAction\",\"target\":[\"https:\/\/eurobras.ramarodesign.com.br\/responsabilidade-social\/\"]}]},{\"@type\":\"ImageObject\",\"inLanguage\":\"en-US\",\"@id\":\"https:\/\/eurobras.ramarodesign.com.br\/responsabilidade-social\/#primaryimage\",\"url\":\"https:\/\/eurobras.ramarodesign.com.br\/wp-content\/uploads\/2024\/12\/responsabilidadesocial03.jpg\",\"contentUrl\":\"https:\/\/eurobras.ramarodesign.com.br\/wp-content\/uploads\/2024\/12\/responsabilidadesocial03.jpg\"},{\"@type\":\"BreadcrumbList\",\"@id\":\"https:\/\/eurobras.ramarodesign.com.br\/responsabilidade-social\/#breadcrumb\",\"itemListElement\":[{\"@type\":\"ListItem\",\"position\":1,\"name\":\"In\u00edcio\",\"item\":\"https:\/\/eurobras.ramarodesign.com.br\/\"},{\"@type\":\"ListItem\",\"position\":2,\"name\":\"Responsabilidade Social\"}]},{\"@type\":\"WebSite\",\"@id\":\"https:\/\/eurobras.ramarodesign.com.br\/#website\",\"url\":\"https:\/\/eurobras.ramarodesign.com.br\/\",\"name\":\"Grupo Rodrimar\",\"description\":\"Comiss\u00e1ria de Despachos\",\"potentialAction\":[{\"@type\":\"SearchAction\",\"target\":{\"@type\":\"EntryPoint\",\"urlTemplate\":\"https:\/\/eurobras.ramarodesign.com.br\/?s={search_term_string}\"},\"query-input\":{\"@type\":\"PropertyValueSpecification\",\"valueRequired\":true,\"valueName\":\"search_term_string\"}}],\"inLanguage\":\"en-US\"}]}<\/script>\n<!-- \/ Yoast SEO plugin. -->","yoast_head_json":{"title":"Responsabilidade Social - Grupo Rodrimar","robots":{"index":"index","follow":"follow","max-snippet":"max-snippet:-1","max-image-preview":"max-image-preview:large","max-video-preview":"max-video-preview:-1"},"canonical":"https:\/\/eurobras.ramarodesign.com.br\/en\/responsabilidade-social\/","og_locale":"en_US","og_type":"article","og_title":"Responsabilidade Social - Grupo Rodrimar","og_description":"responsabilidade social compromisso com a sociedade A responsabilidade social da Rodrimar com a sociedade e o futuro sustent\u00e1vel Solicite uma Cota\u00e7\u00e3o responsabilidade social por um mundo melhor A Rodrimar reafirma seu compromisso com a sociedade por meio de iniciativas que abrangem os \u00e2mbitos social, educacional, ambiental, esportivo e cultural. Esses patroc\u00ednios n\u00e3o apenas refletem nossa [&hellip;]","og_url":"https:\/\/eurobras.ramarodesign.com.br\/en\/responsabilidade-social\/","og_site_name":"Grupo Rodrimar","article_modified_time":"2025-04-05T23:45:17+00:00","og_image":[{"width":640,"height":427,"url":"https:\/\/eurobras.ramarodesign.com.br\/wp-content\/uploads\/2024\/12\/responsabilidadesocial03.jpg","type":"image\/jpeg"}],"twitter_card":"summary_large_image","twitter_misc":{"Est. reading time":"2 minutes"},"schema":{"@context":"https:\/\/schema.org","@graph":[{"@type":"WebPage","@id":"https:\/\/eurobras.ramarodesign.com.br\/responsabilidade-social\/","url":"https:\/\/eurobras.ramarodesign.com.br\/responsabilidade-social\/","name":"Responsabilidade Social - Grupo Rodrimar","isPartOf":{"@id":"https:\/\/eurobras.ramarodesign.com.br\/#website"},"primaryImageOfPage":{"@id":"https:\/\/eurobras.ramarodesign.com.br\/responsabilidade-social\/#primaryimage"},"image":{"@id":"https:\/\/eurobras.ramarodesign.com.br\/responsabilidade-social\/#primaryimage"},"thumbnailUrl":"https:\/\/eurobras.ramarodesign.com.br\/wp-content\/uploads\/2024\/12\/responsabilidadesocial03.jpg","datePublished":"2024-11-20T21:59:29+00:00","dateModified":"2025-04-05T23:45:17+00:00","breadcrumb":{"@id":"https:\/\/eurobras.ramarodesign.com.br\/responsabilidade-social\/#breadcrumb"},"inLanguage":"en-US","potentialAction":[{"@type":"ReadAction","target":["https:\/\/eurobras.ramarodesign.com.br\/responsabilidade-social\/"]}]},{"@type":"ImageObject","inLanguage":"en-US","@id":"https:\/\/eurobras.ramarodesign.com.br\/responsabilidade-social\/#primaryimage","url":"https:\/\/eurobras.ramarodesign.com.br\/wp-content\/uploads\/2024\/12\/responsabilidadesocial03.jpg","contentUrl":"https:\/\/eurobras.ramarodesign.com.br\/wp-content\/uploads\/2024\/12\/responsabilidadesocial03.jpg"},{"@type":"BreadcrumbList","@id":"https:\/\/eurobras.ramarodesign.com.br\/responsabilidade-social\/#breadcrumb","itemListElement":[{"@type":"ListItem","position":1,"name":"In\u00edcio","item":"https:\/\/eurobras.ramarodesign.com.br\/"},{"@type":"ListItem","position":2,"name":"Responsabilidade Social"}]},{"@type":"WebSite","@id":"https:\/\/eurobras.ramarodesign.com.br\/#website","url":"https:\/\/eurobras.ramarodesign.com.br\/","name":"Grupo Rodrimar","description":"Comiss\u00e1ria de Despachos","potentialAction":[{"@type":"SearchAction","target":{"@type":"EntryPoint","urlTemplate":"https:\/\/eurobras.ramarodesign.com.br\/?s={search_term_string}"},"query-input":{"@type":"PropertyValueSpecification","valueRequired":true,"valueName":"search_term_string"}}],"inLanguage":"en-US"}]}},"_links":{"self":[{"href":"https:\/\/eurobras.ramarodesign.com.br\/en\/wp-json\/wp\/v2\/pages\/374","targetHints":{"allow":["GET"]}}],"collection":[{"href":"https:\/\/eurobras.ramarodesign.com.br\/en\/wp-json\/wp\/v2\/pages"}],"about":[{"href":"https:\/\/eurobras.ramarodesign.com.br\/en\/wp-json\/wp\/v2\/types\/page"}],"author":[{"embeddable":true,"href":"https:\/\/eurobras.ramarodesign.com.br\/en\/wp-json\/wp\/v2\/users\/1"}],"replies":[{"embeddable":true,"href":"https:\/\/eurobras.ramarodesign.com.br\/en\/wp-json\/wp\/v2\/comments?post=374"}],"version-history":[{"count":25,"href":"https:\/\/eurobras.ramarodesign.com.br\/en\/wp-json\/wp\/v2\/pages\/374\/revisions"}],"predecessor-version":[{"id":611,"href":"https:\/\/eurobras.ramarodesign.com.br\/en\/wp-json\/wp\/v2\/pages\/374\/revisions\/611"}],"wp:attachment":[{"href":"https:\/\/eurobras.ramarodesign.com.br\/en\/wp-json\/wp\/v2\/media?parent=374"}],"curies":[{"name":"wp","href":"https:\/\/api.w.org\/{rel}","templated":true}]}}